{"id":1303,"date":"2024-07-23T14:18:59","date_gmt":"2024-07-23T12:18:59","guid":{"rendered":"https:\/\/la-riche-ludique.fr\/touraine-en-jeux\/?page_id=1303"},"modified":"2024-07-25T11:48:40","modified_gmt":"2024-07-25T09:48:40","slug":"partenaires-3","status":"publish","type":"page","link":"https:\/\/la-riche-ludique.fr\/touraine-en-jeux\/partenaires-3\/","title":{"rendered":"Partenaires"},"content":{"rendered":"<p>[et_pb_section fb_built=\u00a0\u00bb1&Prime; prev_background_color=\u00a0\u00bb#94B6DF\u00a0\u00bb admin_label=\u00a0\u00bbCall to Action\u00a0\u00bb _builder_version=\u00a0\u00bb4.27.0&Prime; _module_preset=\u00a0\u00bbe4cafa1e-8766-4601-951b-17f7dd6f046a\u00a0\u00bb background_color=\u00a0\u00bb#F1EEE1&Prime; custom_margin=\u00a0\u00bb-20px||-20px||true|false\u00a0\u00bb top_divider_style=\u00a0\u00bbmountains2&Prime; top_divider_height=\u00a0\u00bb62px\u00a0\u00bb locked=\u00a0\u00bboff\u00a0\u00bb collapsed=\u00a0\u00bbon\u00a0\u00bb][et_pb_row _builder_version=\u00a0\u00bb4.27.0&Prime; _module_preset=\u00a0\u00bbdefault\u00a0\u00bb locked=\u00a0\u00bboff\u00a0\u00bb global_colors_info=\u00a0\u00bb{}\u00a0\u00bb column_structure=\u00a0\u00bb1_2,1_2&Prime;][et_pb_column type=\u00a0\u00bb1_2&Prime; _builder_version=\u00a0\u00bb4.25.1&Prime; _module_preset=\u00a0\u00bbdefault\u00a0\u00bb global_colors_info=\u00a0\u00bb{}\u00a0\u00bb][et_pb_heading title=\u00a0\u00bbNos partenaires\u00a0\u00bb _builder_version=\u00a0\u00bb4.27.0&Prime; _module_preset=\u00a0\u00bbe388af53-6397-4b7e-95b8-d77b3912298e\u00a0\u00bb title_text_align=\u00a0\u00bbleft\u00a0\u00bb title_text_color=\u00a0\u00bb#853385&Prime; title_font_size=\u00a0\u00bb66px\u00a0\u00bb module_alignment=\u00a0\u00bbleft\u00a0\u00bb custom_margin=\u00a0\u00bb||10px||false|false\u00a0\u00bb global_colors_info=\u00a0\u00bb{}\u00a0\u00bb][\/et_pb_heading][et_pb_text _builder_version=\u00a0\u00bb4.27.0&Prime; _module_preset=\u00a0\u00bb45491e15-a66f-49dd-84b4-74559a6b8c3d\u00a0\u00bb global_colors_info=\u00a0\u00bb{}\u00a0\u00bb]<\/p>\n<h3><strong>La Mairie de La Riche<\/strong><\/h3>\n<p>Tout d\u2019abord, nous remercions la <strong>Mairie de la Riche<\/strong>, qui nous aide \u00e0 organiser l\u2019\u00e9v\u00e8nement, \u00e0 communiquer, qui nous met \u00e0 disposition le complexe et nous soutient financi\u00e8rement dans ce projet.<\/p>\n<p>[\/et_pb_text][et_pb_text _builder_version=\u00a0\u00bb4.27.0&Prime; _module_preset=\u00a0\u00bb45491e15-a66f-49dd-84b4-74559a6b8c3d\u00a0\u00bb global_colors_info=\u00a0\u00bb{}\u00a0\u00bb]<\/p>\n<h3><strong>Le Cr\u00e9dit Agricole<\/strong><\/h3>\n<p>Nous souhaitons aussi remercier <strong>Le Cr\u00e9dit Agricole<\/strong>, qui soutient financi\u00e8rement Touraine en Jeux.<\/p>\n<p>[\/et_pb_text][et_pb_text _builder_version=\u00a0\u00bb4.27.0&Prime; _module_preset=\u00a0\u00bb45491e15-a66f-49dd-84b4-74559a6b8c3d\u00a0\u00bb global_colors_info=\u00a0\u00bb{}\u00a0\u00bb]<\/p>\n<h3><span><strong>France Murder :<\/strong><\/span><\/h3>\n<p>Nous remercions <strong>France Murder<\/strong>, qui nous fournira en lots de tombola.<\/p>\n<p><strong>France Murder<\/strong> est une entreprise cr\u00e9ant et \u00e9ditant des Murder-<span>parties (enqu\u00eate policieres virtuelles). Pr\u00e9sente partout en France, elle participe \u00e0 rendre les Murder-parties accessible \u00e0 tous.\u00a0<\/span><\/p>\n<p><em><strong>France Murder<\/strong> recherchent actuellement un repr\u00e9sentant de leur entreprise en Touraine.\u00a0<\/em><\/p>\n<p>[\/et_pb_text][\/et_pb_column][et_pb_column _builder_version=\u00a0\u00bb4.27.0&Prime; _module_preset=\u00a0\u00bbdefault\u00a0\u00bb type=\u00a0\u00bb1_2&Prime;][et_pb_image src=\u00a0\u00bbhttps:\/\/la-riche-ludique.fr\/touraine-en-jeux\/wp-content\/uploads\/2024\/07\/Logo_LA_RICHE.tif\u00a0\u00bb title_text=\u00a0\u00bbLogo_LA_RICHE\u00a0\u00bb _builder_version=\u00a0\u00bb4.27.0&Prime; _module_preset=\u00a0\u00bbdefault\u00a0\u00bb hover_enabled=\u00a0\u00bb0&Prime; global_colors_info=\u00a0\u00bb{}\u00a0\u00bb sticky_enabled=\u00a0\u00bb0&Prime; max_width=\u00a0\u00bb50%\u00a0\u00bb align=\u00a0\u00bbcenter\u00a0\u00bb][\/et_pb_image][et_pb_image src=\u00a0\u00bbhttps:\/\/la-riche-ludique.fr\/touraine-en-jeux\/wp-content\/uploads\/2024\/07\/LOGO_COULEUR_CA.tif\u00a0\u00bb _builder_version=\u00a0\u00bb4.27.0&Prime; _module_preset=\u00a0\u00bbdefault\u00a0\u00bb title_text=\u00a0\u00bbLOGO_COULEUR_CA\u00a0\u00bb max_width=\u00a0\u00bb50%\u00a0\u00bb align=\u00a0\u00bbcenter\u00a0\u00bb hover_enabled=\u00a0\u00bb0&Prime; sticky_enabled=\u00a0\u00bb0&Prime;][\/et_pb_image][et_pb_image src=\u00a0\u00bbhttps:\/\/la-riche-ludique.fr\/touraine-en-jeux\/wp-content\/uploads\/2024\/07\/cropped-Logo_384x128-5.png\u00a0\u00bb alt=\u00a0\u00bbLogo de france Murder, partneraire\u00a0\u00bb title_text=\u00a0\u00bbcropped-Logo_384x128-5&Prime; _builder_version=\u00a0\u00bb4.27.0&Prime; _module_preset=\u00a0\u00bbdefault\u00a0\u00bb hover_enabled=\u00a0\u00bb0&Prime; global_colors_info=\u00a0\u00bb{}\u00a0\u00bb sticky_enabled=\u00a0\u00bb0&Prime; align=\u00a0\u00bbcenter\u00a0\u00bb max_width=\u00a0\u00bb100%\u00a0\u00bb][\/et_pb_image][\/et_pb_column][\/et_pb_row][\/et_pb_section]<\/p>\n","protected":false},"excerpt":{"rendered":"<p>La Mairie de La Riche Tout d\u2019abord, nous remercions la Mairie de la Riche, qui nous aide \u00e0 organiser l\u2019\u00e9v\u00e8nement, \u00e0 communiquer, qui nous met \u00e0 disposition le complexe et nous soutient financi\u00e8rement dans ce projet.Le Cr\u00e9dit Agricole Nous souhaitons aussi remercier Le Cr\u00e9dit Agricole, qui soutient financi\u00e8rement Touraine en Jeux.France Murder : Nous remercions [&hellip;]<\/p>\n","protected":false},"author":3,"featured_media":0,"parent":0,"menu_order":0,"comment_status":"closed","ping_status":"closed","template":"","meta":{"_acf_changed":false,"_et_pb_use_builder":"on","_et_pb_old_content":"","_et_gb_content_width":"","footnotes":""},"class_list":["post-1303","page","type-page","status-publish","hentry"],"acf":[],"_links":{"self":[{"href":"https:\/\/la-riche-ludique.fr\/touraine-en-jeux\/wp-json\/wp\/v2\/pages\/1303","targetHints":{"allow":["GET"]}}],"collection":[{"href":"https:\/\/la-riche-ludique.fr\/touraine-en-jeux\/wp-json\/wp\/v2\/pages"}],"about":[{"href":"https:\/\/la-riche-ludique.fr\/touraine-en-jeux\/wp-json\/wp\/v2\/types\/page"}],"author":[{"embeddable":true,"href":"https:\/\/la-riche-ludique.fr\/touraine-en-jeux\/wp-json\/wp\/v2\/users\/3"}],"replies":[{"embeddable":true,"href":"https:\/\/la-riche-ludique.fr\/touraine-en-jeux\/wp-json\/wp\/v2\/comments?post=1303"}],"version-history":[{"count":0,"href":"https:\/\/la-riche-ludique.fr\/touraine-en-jeux\/wp-json\/wp\/v2\/pages\/1303\/revisions"}],"wp:attachment":[{"href":"https:\/\/la-riche-ludique.fr\/touraine-en-jeux\/wp-json\/wp\/v2\/media?parent=1303"}],"curies":[{"name":"wp","href":"https:\/\/api.w.org\/{rel}","templated":true}]}}