{"id":1284,"date":"2024-07-23T12:13:53","date_gmt":"2024-07-23T10:13:53","guid":{"rendered":"https:\/\/la-riche-ludique.fr\/touraine-en-jeux\/?page_id=1284"},"modified":"2025-01-31T10:31:17","modified_gmt":"2025-01-31T09:31:17","slug":"devenir-exposant","status":"publish","type":"page","link":"https:\/\/la-riche-ludique.fr\/touraine-en-jeux\/devenir-exposant\/","title":{"rendered":"Devenir exposant"},"content":{"rendered":"<p>[et_pb_section fb_built=\u00a0\u00bb1&Prime; prev_background_color=\u00a0\u00bb#94B6DF\u00a0\u00bb admin_label=\u00a0\u00bbCall to Action\u00a0\u00bb _builder_version=\u00a0\u00bb4.27.0&Prime; _module_preset=\u00a0\u00bbe4cafa1e-8766-4601-951b-17f7dd6f046a\u00a0\u00bb background_color=\u00a0\u00bb#F1EEE1&Prime; top_divider_style=\u00a0\u00bbmountains2&Prime; top_divider_height=\u00a0\u00bb43px\u00a0\u00bb locked=\u00a0\u00bboff\u00a0\u00bb collapsed=\u00a0\u00bbon\u00a0\u00bb][et_pb_row column_structure=\u00a0\u00bb1_2,1_2&Prime; _builder_version=\u00a0\u00bb4.25.1&Prime; _module_preset=\u00a0\u00bbdefault\u00a0\u00bb locked=\u00a0\u00bboff\u00a0\u00bb global_colors_info=\u00a0\u00bb{}\u00a0\u00bb][et_pb_column type=\u00a0\u00bb1_2&Prime; _builder_version=\u00a0\u00bb4.25.1&Prime; _module_preset=\u00a0\u00bbdefault\u00a0\u00bb global_colors_info=\u00a0\u00bb{}\u00a0\u00bb][et_pb_image src=\u00a0\u00bbhttps:\/\/la-riche-ludique.fr\/touraine-en-jeux\/wp-content\/uploads\/2024\/07\/Touraine-en-jeux-2-scaled.jpg\u00a0\u00bb title_text=\u00a0\u00bbTable du jeu Replicants\u00a0\u00bb _builder_version=\u00a0\u00bb4.27.0&Prime; _module_preset=\u00a0\u00bbdefault\u00a0\u00bb height=\u00a0\u00bb746px\u00a0\u00bb custom_margin=\u00a0\u00bb||||false|false\u00a0\u00bb border_radii=\u00a0\u00bbon|30px|30px|30px|30px\u00a0\u00bb global_colors_info=\u00a0\u00bb{}\u00a0\u00bb][\/et_pb_image][\/et_pb_column][et_pb_column type=\u00a0\u00bb1_2&Prime; _builder_version=\u00a0\u00bb4.25.1&Prime; _module_preset=\u00a0\u00bbdefault\u00a0\u00bb global_colors_info=\u00a0\u00bb{}\u00a0\u00bb][et_pb_heading title=\u00a0\u00bbDevenir Exposant\u00a0\u00bb _builder_version=\u00a0\u00bb4.27.0&Prime; _module_preset=\u00a0\u00bbe388af53-6397-4b7e-95b8-d77b3912298e\u00a0\u00bb title_font=\u00a0\u00bb&#8211;et_global_heading_font|700||on|||||\u00a0\u00bb title_text_color=\u00a0\u00bb#853385&Prime; title_font_size=\u00a0\u00bb44px\u00a0\u00bb custom_margin=\u00a0\u00bb||10px||false|false\u00a0\u00bb global_colors_info=\u00a0\u00bb{}\u00a0\u00bb][\/et_pb_heading][et_pb_text _builder_version=\u00a0\u00bb4.27.0&Prime; _module_preset=\u00a0\u00bb45491e15-a66f-49dd-84b4-74559a6b8c3d\u00a0\u00bb global_colors_info=\u00a0\u00bb{}\u00a0\u00bb]<\/p>\n<p>La participation \u00e0 ce week-end ludique pour un exposant est bas\u00e9e sur un syst\u00e8me <strong>d\u2019appel \u00e0 projet<\/strong>.<\/p>\n<p>L\u2019espace est bien entendu <strong>gratuit<\/strong> pour les associations, pour les \u00e9diteurs de jeux qui proposent une animation ludique ainsi que pour les auteurs qui viennent faire d\u00e9couvrir leur cr\u00e9ation.<\/p>\n<p>Il vous suffit de <strong>t\u00e9l\u00e9charger la fiche projet au format PDF<\/strong>, de la remplir et de nous la renvoyer \u00e0 l\u2019adresse :<br \/><a href=\"mailto:projet.tej@la-riche-ludique.fr\">projet.tej@la-riche-ludique.fr<\/a>.<\/p>\n<p>La s\u00e9lection se fera au fil de l\u2019eau selon plusieurs crit\u00e8res : <strong>th\u00e8me<\/strong>, <strong>projet singulier<\/strong>, etc. Les projets qui s\u2019int\u00e8grent dans la totalit\u00e9 du WE seront privil\u00e9gi\u00e9s.<\/p>\n<p><span style=\"text-decoration: underline;\"><strong>Par cons\u00e9quent plus t\u00f4t vous nous envoyez votre projet, mieux c\u2019est.<\/strong><\/span><\/p>\n<p>[\/et_pb_text][et_pb_button button_url=\u00a0\u00bbhttps:\/\/la-riche-ludique.fr\/touraine-en-jeux\/wp-content\/uploads\/2025\/01\/TeJ_fiche_projet_2025.pdf\u00a0\u00bb button_text=\u00a0\u00bbT\u00e9l\u00e9charger la fiche projet\u00a0\u00bb _builder_version=\u00a0\u00bb4.27.0&Prime; _module_preset=\u00a0\u00bbcb8d97af-eb83-4164-bbb7-6ad74a4f1833&Prime; button_bg_color=\u00a0\u00bb#853385&Prime; button_border_width=\u00a0\u00bb0px\u00a0\u00bb button_border_radius=\u00a0\u00bb16px\u00a0\u00bb button_font=\u00a0\u00bb&#8211;et_global_heading_font|600||on|||||\u00a0\u00bb hover_enabled=\u00a0\u00bb0&Prime; global_colors_info=\u00a0\u00bb{}\u00a0\u00bb sticky_enabled=\u00a0\u00bb0&Prime;][\/et_pb_button][et_pb_button button_url=\u00a0\u00bbmailto:projet.tej@la-riche-ludique.fr\u00a0\u00bb button_text=\u00a0\u00bbNous envoyer votre fiche projet\u00a0\u00bb _builder_version=\u00a0\u00bb4.27.0&Prime; _module_preset=\u00a0\u00bbcb8d97af-eb83-4164-bbb7-6ad74a4f1833&Prime; button_bg_color=\u00a0\u00bb#853385&Prime; button_border_width=\u00a0\u00bb0px\u00a0\u00bb button_border_radius=\u00a0\u00bb16px\u00a0\u00bb button_font=\u00a0\u00bb&#8211;et_global_heading_font|600||on|||||\u00a0\u00bb global_colors_info=\u00a0\u00bb{}\u00a0\u00bb][\/et_pb_button][\/et_pb_column][\/et_pb_row][et_pb_row _builder_version=\u00a0\u00bb4.27.0&Prime; _module_preset=\u00a0\u00bbdefault\u00a0\u00bb global_colors_info=\u00a0\u00bb{}\u00a0\u00bb][et_pb_column type=\u00a0\u00bb4_4&Prime; _builder_version=\u00a0\u00bb4.27.0&Prime; _module_preset=\u00a0\u00bbdefault\u00a0\u00bb global_colors_info=\u00a0\u00bb{}\u00a0\u00bb][et_pb_social_media_follow icon_color=\u00a0\u00bb#F1EDE1&Prime; _builder_version=\u00a0\u00bb4.27.0&Prime; _module_preset=\u00a0\u00bbdefault\u00a0\u00bb background_color=\u00a0\u00bbRGBA(255,255,255,0)\u00a0\u00bb text_orientation=\u00a0\u00bbcenter\u00a0\u00bb border_color_all=\u00a0\u00bbRGBA(255,255,255,0)\u00a0\u00bb global_colors_info=\u00a0\u00bb{}\u00a0\u00bb][et_pb_social_media_follow_network social_network=\u00a0\u00bbfacebook\u00a0\u00bb url=\u00a0\u00bbhttps:\/\/www.facebook.com\/touraine.en.jeux\u00a0\u00bb _builder_version=\u00a0\u00bb4.24.0&Prime; _module_preset=\u00a0\u00bbdefault\u00a0\u00bb background_color=\u00a0\u00bb#803483&Prime; background_enable_color=\u00a0\u00bbon\u00a0\u00bb global_colors_info=\u00a0\u00bb{}\u00a0\u00bb follow_button=\u00a0\u00bboff\u00a0\u00bb url_new_window=\u00a0\u00bbon\u00a0\u00bb]facebook[\/et_pb_social_media_follow_network][et_pb_social_media_follow_network social_network=\u00a0\u00bbinstagram\u00a0\u00bb url=\u00a0\u00bbhttps:\/\/www.instagram.com\/touraine_en_jeux\/\u00a0\u00bb icon_color=\u00a0\u00bb#F1EDE1&Prime; _builder_version=\u00a0\u00bb4.24.0&Prime; _module_preset=\u00a0\u00bbdefault\u00a0\u00bb background_color=\u00a0\u00bb#803483&Prime; background_enable_color=\u00a0\u00bbon\u00a0\u00bb global_colors_info=\u00a0\u00bb{}\u00a0\u00bb follow_button=\u00a0\u00bboff\u00a0\u00bb url_new_window=\u00a0\u00bbon\u00a0\u00bb]instagram[\/et_pb_social_media_follow_network][et_pb_social_media_follow_network social_network=\u00a0\u00bbtelegram\u00a0\u00bb url=\u00a0\u00bb@ET-DC@eyJkeW5hbWljIjp0cnVlLCJjb250ZW50IjoicG9zdF9saW5rX3VybF9wYWdlIiwic2V0dGluZ3MiOnsicG9zdF9pZCI6IjMzMyJ9fQ==@\u00a0\u00bb _builder_version=\u00a0\u00bb4.27.0&Prime; _dynamic_attributes=\u00a0\u00bburl\u00a0\u00bb _module_preset=\u00a0\u00bbdefault\u00a0\u00bb background_color=\u00a0\u00bb#853385&Prime; background_enable_color=\u00a0\u00bbon\u00a0\u00bb global_colors_info=\u00a0\u00bb{}\u00a0\u00bb follow_button=\u00a0\u00bboff\u00a0\u00bb url_new_window=\u00a0\u00bbon\u00a0\u00bb]telegram[\/et_pb_social_media_follow_network][\/et_pb_social_media_follow][\/et_pb_column][\/et_pb_row][\/et_pb_section]<\/p>\n","protected":false},"excerpt":{"rendered":"<p>La participation \u00e0 ce week-end ludique pour un exposant est bas\u00e9e sur un syst\u00e8me d\u2019appel \u00e0 projet. L\u2019espace est bien entendu gratuit pour les associations, pour les \u00e9diteurs de jeux qui proposent une animation ludique ainsi que pour les auteurs qui viennent faire d\u00e9couvrir leur cr\u00e9ation. Il vous suffit de t\u00e9l\u00e9charger la fiche projet au [&hellip;]<\/p>\n","protected":false},"author":3,"featured_media":0,"parent":0,"menu_order":0,"comment_status":"closed","ping_status":"closed","template":"","meta":{"_acf_changed":false,"_et_pb_use_builder":"on","_et_pb_old_content":"","_et_gb_content_width":"","footnotes":""},"class_list":["post-1284","page","type-page","status-publish","hentry"],"acf":[],"_links":{"self":[{"href":"https:\/\/la-riche-ludique.fr\/touraine-en-jeux\/wp-json\/wp\/v2\/pages\/1284","targetHints":{"allow":["GET"]}}],"collection":[{"href":"https:\/\/la-riche-ludique.fr\/touraine-en-jeux\/wp-json\/wp\/v2\/pages"}],"about":[{"href":"https:\/\/la-riche-ludique.fr\/touraine-en-jeux\/wp-json\/wp\/v2\/types\/page"}],"author":[{"embeddable":true,"href":"https:\/\/la-riche-ludique.fr\/touraine-en-jeux\/wp-json\/wp\/v2\/users\/3"}],"replies":[{"embeddable":true,"href":"https:\/\/la-riche-ludique.fr\/touraine-en-jeux\/wp-json\/wp\/v2\/comments?post=1284"}],"version-history":[{"count":0,"href":"https:\/\/la-riche-ludique.fr\/touraine-en-jeux\/wp-json\/wp\/v2\/pages\/1284\/revisions"}],"wp:attachment":[{"href":"https:\/\/la-riche-ludique.fr\/touraine-en-jeux\/wp-json\/wp\/v2\/media?parent=1284"}],"curies":[{"name":"wp","href":"https:\/\/api.w.org\/{rel}","templated":true}]}}